{"id":866,"date":"2024-05-07T13:22:26","date_gmt":"2024-05-07T13:22:26","guid":{"rendered":"https:\/\/mucuge.oqueseraisso.com\/?page_id=866"},"modified":"2024-11-04T11:30:04","modified_gmt":"2024-11-04T11:30:04","slug":"bossa-farol-de-itapoan-oficial","status":"publish","type":"page","link":"https:\/\/mucuge.oqueseraisso.com\/","title":{"rendered":"Vila das Uvas \u2022 Mucug\u00ea | PR\u00c9 LAN\u00c7AMENTO OFICIAL"},"content":{"rendered":"<style>.elementor-866 .elementor-element.elementor-element-7f9ad7b4{--display:flex;}.elementor-866 .elementor-element.elementor-element-47e6b976 .elementor-wrapper{--video-aspect-ratio:1.77777;}.elementor-866 .elementor-element.elementor-element-47e6b976 > .elementor-widget-container{margin:130px 0px 0px 0px;border-radius:30px 30px 30px 30px;}.elementor-866 .elementor-element.elementor-element-64f759b7 > .elementor-container{max-width:1200px;}.elementor-866 .elementor-element.elementor-element-64f759b7:not(.elementor-motion-effects-element-type-background), .elementor-866 .elementor-element.elementor-element-64f759b7 > .elementor-motion-effects-container > .elementor-motion-effects-layer{background-color:transparent;background-image:linear-gradient(180deg, #FFFFFF 0%, #FFFFFF 100%);}.elementor-866 .elementor-element.elementor-element-64f759b7{transition:background 0.3s, border 0.3s, border-radius 0.3s, box-shadow 0.3s;margin-top:90px;margin-bottom:0px;}.elementor-866 .elementor-element.elementor-element-64f759b7 > .elementor-background-overlay{transition:background 0.3s, border-radius 0.3s, opacity 0.3s;}.elementor-866 .elementor-element.elementor-element-497ede17 > .elementor-element-populated{padding:0px 0px 0px 0px;}.elementor-866 .elementor-element.elementor-element-68a09c73 > .elementor-container{max-width:1200px;}.elementor-866 .elementor-element.elementor-element-68a09c73, .elementor-866 .elementor-element.elementor-element-68a09c73 > .elementor-background-overlay{border-radius:0px 0px 20px 20px;}.elementor-866 .elementor-element.elementor-element-68a09c73{margin-top:0px;margin-bottom:0px;padding:0px 0px 75px 0px;z-index:0;}.elementor-866 .elementor-element.elementor-element-5f93ee65{text-align:start;width:var( --container-widget-width, 883px );max-width:883px;--container-widget-width:883px;--container-widget-flex-grow:0;}.elementor-866 .elementor-element.elementor-element-5f93ee65 .elementor-heading-title{font-family:var( --e-global-typography-df6cd41-font-family ), Sans-serif;font-size:var( --e-global-typography-df6cd41-font-size );font-weight:var( --e-global-typography-df6cd41-font-weight );text-transform:var( --e-global-typography-df6cd41-text-transform );line-height:var( --e-global-typography-df6cd41-line-height );letter-spacing:var( --e-global-typography-df6cd41-letter-spacing );word-spacing:var( --e-global-typography-df6cd41-word-spacing );color:#002639;}.elementor-866 .elementor-element.elementor-element-5f93ee65 > .elementor-widget-container{margin:-10px 0px 10px 0px;}.elementor-bc-flex-widget .elementor-866 .elementor-element.elementor-element-4ff18c1.elementor-column .elementor-widget-wrap{align-items:flex-end;}.elementor-866 .elementor-element.elementor-element-4ff18c1.elementor-column.elementor-element[data-element_type=\"column\"] > .elementor-widget-wrap.elementor-element-populated{align-content:flex-end;align-items:flex-end;}.elementor-866 .elementor-element.elementor-element-0966b02{text-align:start;font-family:var( --e-global-typography-text-font-family ), Sans-serif;font-size:var( --e-global-typography-text-font-size );font-weight:var( --e-global-typography-text-font-weight );line-height:var( --e-global-typography-text-line-height );letter-spacing:var( --e-global-typography-text-letter-spacing );color:#002639;width:var( --container-widget-width, 435px );max-width:435px;--container-widget-width:435px;--container-widget-flex-grow:0;}.elementor-866 .elementor-element.elementor-element-0966b02 > .elementor-widget-container{margin:-15px 0px 5px 0px;padding:0px 0px 0px 0px;}.elementor-866 .elementor-element.elementor-element-26a89f37 > .elementor-container{max-width:1200px;}.elementor-866 .elementor-element.elementor-element-26a89f37:not(.elementor-motion-effects-element-type-background), .elementor-866 .elementor-element.elementor-element-26a89f37 > .elementor-motion-effects-container > .elementor-motion-effects-layer{background-color:#565656;background-image:url(\"https:\/\/mucuge.oqueseraisso.com\/wp-content\/uploads\/2024\/11\/CHAPADADIAMANTINA.jpg\");background-position:center center;background-repeat:no-repeat;background-size:cover;}.elementor-866 .elementor-element.elementor-element-26a89f37 > .elementor-background-overlay{background-color:transparent;background-image:radial-gradient(at top center, #06060600 56%, #060606 81%);opacity:0.15;mix-blend-mode:luminosity;transition:background 0.3s, border-radius 0.3s, opacity 0.3s;}.elementor-866 .elementor-element.elementor-element-26a89f37, .elementor-866 .elementor-element.elementor-element-26a89f37 > .elementor-background-overlay{border-radius:20px 20px 20px 20px;}.elementor-866 .elementor-element.elementor-element-26a89f37{transition:background 0.3s, border 0.3s, border-radius 0.3s, box-shadow 0.3s;margin-top:0px;margin-bottom:0px;padding:140px 0px 140px 0px;z-index:0;}.elementor-866 .elementor-element.elementor-element-6851d612.elementor-column > .elementor-widget-wrap{justify-content:flex-start;}.elementor-866 .elementor-element.elementor-element-188ffa42{--spacer-size:160px;}.elementor-866 .elementor-element.elementor-element-6260926c > .elementor-container{max-width:1200px;}.elementor-866 .elementor-element.elementor-element-6260926c:not(.elementor-motion-effects-element-type-background), .elementor-866 .elementor-element.elementor-element-6260926c > .elementor-motion-effects-container > .elementor-motion-effects-layer{background-color:transparent;background-image:linear-gradient(180deg, #FFFFFF 0%, #FFFFFF 100%);}.elementor-866 .elementor-element.elementor-element-6260926c{transition:background 0.3s, border 0.3s, border-radius 0.3s, box-shadow 0.3s;margin-top:100px;margin-bottom:0px;}.elementor-866 .elementor-element.elementor-element-6260926c > .elementor-background-overlay{transition:background 0.3s, border-radius 0.3s, opacity 0.3s;}.elementor-866 .elementor-element.elementor-element-5300abf5.elementor-column > .elementor-widget-wrap{justify-content:center;}.elementor-866 .elementor-element.elementor-element-5300abf5 > .elementor-element-populated{padding:0px 0px 0px 0px;}.elementor-866 .elementor-element.elementor-element-240564eb > .elementor-container{max-width:1200px;}.elementor-866 .elementor-element.elementor-element-240564eb, .elementor-866 .elementor-element.elementor-element-240564eb > .elementor-background-overlay{border-radius:0px 0px 20px 20px;}.elementor-866 .elementor-element.elementor-element-240564eb{margin-top:0px;margin-bottom:0px;padding:0px 0px 10px 0px;z-index:0;}.elementor-bc-flex-widget .elementor-866 .elementor-element.elementor-element-331c540d.elementor-column .elementor-widget-wrap{align-items:flex-start;}.elementor-866 .elementor-element.elementor-element-331c540d.elementor-column.elementor-element[data-element_type=\"column\"] > .elementor-widget-wrap.elementor-element-populated{align-content:flex-start;align-items:flex-start;}.elementor-866 .elementor-element.elementor-element-331c540d.elementor-column > .elementor-widget-wrap{justify-content:center;}.elementor-866 .elementor-element.elementor-element-331c540d > .elementor-element-populated{margin:0px 0px 0px 0px;--e-column-margin-right:0px;--e-column-margin-left:0px;padding:0px 0px 0px 0px;}.elementor-866 .elementor-element.elementor-element-71490b2c{text-align:center;width:var( --container-widget-width, 707px );max-width:707px;--container-widget-width:707px;--container-widget-flex-grow:0;}.elementor-866 .elementor-element.elementor-element-71490b2c .elementor-heading-title{font-family:var( --e-global-typography-df6cd41-font-family ), Sans-serif;font-size:var( --e-global-typography-df6cd41-font-size );font-weight:var( --e-global-typography-df6cd41-font-weight );text-transform:var( --e-global-typography-df6cd41-text-transform );line-height:var( --e-global-typography-df6cd41-line-height );letter-spacing:var( --e-global-typography-df6cd41-letter-spacing );word-spacing:var( --e-global-typography-df6cd41-word-spacing );color:#002639;}.elementor-866 .elementor-element.elementor-element-71490b2c > .elementor-widget-container{margin:-10px 0px 0px 0px;}.elementor-866 .elementor-element.elementor-element-61e2fb5 > .elementor-widget-container{margin:0px 0px 50px 0px;padding:0% 20% 0% 20%;background-color:#FFFFFF;}@media(max-width:1024px) and (min-width:768px){.elementor-866 .elementor-element.elementor-element-43fa9888{width:100%;}.elementor-866 .elementor-element.elementor-element-4ff18c1{width:48%;}.elementor-866 .elementor-element.elementor-element-331c540d{width:100%;}}@media(max-width:1024px){.elementor-866 .elementor-element.elementor-element-497ede17.elementor-column > .elementor-widget-wrap{justify-content:center;}.elementor-866 .elementor-element.elementor-element-68a09c73{padding:0px 0px 50px 0px;}.elementor-866 .elementor-element.elementor-element-43fa9888.elementor-column > .elementor-widget-wrap{justify-content:center;}.elementor-866 .elementor-element.elementor-element-5f93ee65{text-align:center;--container-widget-width:522px;--container-widget-flex-grow:0;width:var( --container-widget-width, 522px );max-width:522px;}.elementor-866 .elementor-element.elementor-element-5f93ee65 .elementor-heading-title{font-size:var( --e-global-typography-df6cd41-font-size );line-height:var( --e-global-typography-df6cd41-line-height );letter-spacing:var( --e-global-typography-df6cd41-letter-spacing );word-spacing:var( --e-global-typography-df6cd41-word-spacing );}.elementor-866 .elementor-element.elementor-element-0966b02{font-size:var( --e-global-typography-text-font-size );line-height:var( --e-global-typography-text-line-height );letter-spacing:var( --e-global-typography-text-letter-spacing );}.elementor-866 .elementor-element.elementor-element-26a89f37{padding:0px 0px 0px 0px;}.elementor-866 .elementor-element.elementor-element-188ffa42{--spacer-size:230px;}.elementor-866 .elementor-element.elementor-element-5300abf5.elementor-column > .elementor-widget-wrap{justify-content:center;}.elementor-866 .elementor-element.elementor-element-240564eb{padding:0px 0px 50px 0px;}.elementor-866 .elementor-element.elementor-element-331c540d.elementor-column > .elementor-widget-wrap{justify-content:center;}.elementor-866 .elementor-element.elementor-element-71490b2c{text-align:center;--container-widget-width:522px;--container-widget-flex-grow:0;width:var( --container-widget-width, 522px );max-width:522px;}.elementor-866 .elementor-element.elementor-element-71490b2c .elementor-heading-title{font-size:var( --e-global-typography-df6cd41-font-size );line-height:var( --e-global-typography-df6cd41-line-height );letter-spacing:var( --e-global-typography-df6cd41-letter-spacing );word-spacing:var( --e-global-typography-df6cd41-word-spacing );}}@media(max-width:767px){.elementor-866 .elementor-element.elementor-element-47e6b976 > .elementor-widget-container{margin:60px 0px 0px 0px;}.elementor-866 .elementor-element.elementor-element-64f759b7{padding:0px 20px 0px 20px;}.elementor-866 .elementor-element.elementor-element-68a09c73{padding:0px 0px 20px 0px;}.elementor-866 .elementor-element.elementor-element-5f93ee65 .elementor-heading-title{font-size:var( --e-global-typography-df6cd41-font-size );line-height:var( --e-global-typography-df6cd41-line-height );letter-spacing:var( --e-global-typography-df6cd41-letter-spacing );word-spacing:var( --e-global-typography-df6cd41-word-spacing );}.elementor-866 .elementor-element.elementor-element-5f93ee65 > .elementor-widget-container{margin:-50px 0px 15px 0px;}.elementor-866 .elementor-element.elementor-element-0966b02{text-align:center;font-size:var( --e-global-typography-text-font-size );line-height:var( --e-global-typography-text-line-height );letter-spacing:var( --e-global-typography-text-letter-spacing );}.elementor-866 .elementor-element.elementor-element-0966b02 > .elementor-widget-container{margin:0px 0px 0px 0px;}.elementor-866 .elementor-element.elementor-element-26a89f37:not(.elementor-motion-effects-element-type-background), .elementor-866 .elementor-element.elementor-element-26a89f37 > .elementor-motion-effects-container > .elementor-motion-effects-layer{background-position:center center;}.elementor-866 .elementor-element.elementor-element-26a89f37{margin-top:10px;margin-bottom:0px;}.elementor-866 .elementor-element.elementor-element-188ffa42{--spacer-size:154px;}.elementor-866 .elementor-element.elementor-element-188ffa42 > .elementor-widget-container{margin:0px 0px 0px 0px;padding:0px 0px 0px 0px;}.elementor-866 .elementor-element.elementor-element-188ffa42.elementor-element{--order:-99999 \/* order start hack *\/;}.elementor-866 .elementor-element.elementor-element-6260926c{padding:0px 20px 0px 20px;}.elementor-866 .elementor-element.elementor-element-240564eb{padding:0px 0px 20px 0px;}.elementor-866 .elementor-element.elementor-element-71490b2c .elementor-heading-title{font-size:var( --e-global-typography-df6cd41-font-size );line-height:var( --e-global-typography-df6cd41-line-height );letter-spacing:var( --e-global-typography-df6cd41-letter-spacing );word-spacing:var( --e-global-typography-df6cd41-word-spacing );}.elementor-866 .elementor-element.elementor-element-71490b2c > .elementor-widget-container{margin:-50px 0px 0px 0px;}.elementor-866 .elementor-element.elementor-element-61e2fb5 > .elementor-widget-container{margin:0px 0px 30px 0px;padding:0% 0% 0% 0%;}}<\/style>\t\t<div data-elementor-type=\"wp-page\" data-elementor-id=\"866\" class=\"elementor elementor-866\">\n\t\t\t\t<div class=\"elementor-element elementor-element-7f9ad7b4 e-flex e-con-boxed e-con e-parent\" data-id=\"7f9ad7b4\" data-element_type=\"container\" data-e-type=\"container\">\n\t\t\t\t\t<div class=\"e-con-inner\">\n\t\t\t\t<div class=\"elementor-element elementor-element-47e6b976 elementor-widget elementor-widget-video\" data-id=\"47e6b976\" data-element_type=\"widget\" data-e-type=\"widget\" data-settings=\"{&quot;youtube_url&quot;:&quot;https:\\\/\\\/youtu.be\\\/073UmxRgPi8&quot;,&quot;video_type&quot;:&quot;youtube&quot;,&quot;controls&quot;:&quot;yes&quot;}\" data-widget_type=\"video.default\">\n\t\t\t\t<div class=\"elementor-widget-container\">\n\t\t\t\t\t\t\t<div class=\"elementor-wrapper elementor-open-inline\">\n\t\t\t<div class=\"elementor-video\"><\/div>\t\t<\/div>\n\t\t\t\t\t\t<\/div>\n\t\t\t\t<\/div>\n\t\t\t\t\t<\/div>\n\t\t\t\t<\/div>\n\t\t\t\t<section class=\"elementor-section elementor-top-section elementor-element elementor-element-64f759b7 elementor-section-boxed elementor-section-height-default elementor-section-height-default\" data-id=\"64f759b7\" data-element_type=\"section\" data-e-type=\"section\" data-settings=\"{&quot;background_background&quot;:&quot;gradient&quot;}\">\n\t\t\t\t\t\t<div class=\"elementor-container elementor-column-gap-no\">\n\t\t\t\t\t<div class=\"elementor-column elementor-col-100 elementor-top-column elementor-element elementor-element-497ede17\" data-id=\"497ede17\" data-element_type=\"column\" data-e-type=\"column\">\n\t\t\t<div class=\"elementor-widget-wrap elementor-element-populated\">\n\t\t\t\t\t\t<section class=\"elementor-section elementor-inner-section elementor-element elementor-element-68a09c73 elementor-section-boxed elementor-section-height-default elementor-section-height-default\" data-id=\"68a09c73\" data-element_type=\"section\" data-e-type=\"section\">\n\t\t\t\t\t\t<div class=\"elementor-container elementor-column-gap-no\">\n\t\t\t\t\t<div class=\"elementor-column elementor-col-50 elementor-inner-column elementor-element elementor-element-43fa9888\" data-id=\"43fa9888\" data-element_type=\"column\" data-e-type=\"column\">\n\t\t\t<div class=\"elementor-widget-wrap elementor-element-populated\">\n\t\t\t\t\t\t<div class=\"elementor-element elementor-element-5f93ee65 elementor-widget__width-initial elementor-widget elementor-widget-heading\" data-id=\"5f93ee65\" data-element_type=\"widget\" data-e-type=\"widget\" data-widget_type=\"heading.default\">\n\t\t\t\t<div class=\"elementor-widget-container\">\n\t\t\t\t\t<h2 class=\"elementor-heading-title elementor-size-default\">UMA REGI\u00c3O EM PROFUNDA EXPANS\u00c3O<\/h2>\t\t\t\t<\/div>\n\t\t\t\t<\/div>\n\t\t\t\t\t<\/div>\n\t\t<\/div>\n\t\t\t\t<div class=\"elementor-column elementor-col-50 elementor-inner-column elementor-element elementor-element-4ff18c1\" data-id=\"4ff18c1\" data-element_type=\"column\" data-e-type=\"column\">\n\t\t\t<div class=\"elementor-widget-wrap elementor-element-populated\">\n\t\t\t\t\t\t<div class=\"elementor-element elementor-element-0966b02 elementor-widget__width-initial elementor-widget elementor-widget-text-editor\" data-id=\"0966b02\" data-element_type=\"widget\" data-e-type=\"widget\" data-widget_type=\"text-editor.default\">\n\t\t\t\t<div class=\"elementor-widget-container\">\n\t\t\t\t\t\t\t\t\t<p>Morar, passar temporadas, investir. <strong>Mucug\u00ea<\/strong> fica na <strong>Chapada Diamantina<\/strong>, considerada um dos grandes p\u00f3los do ecoturismo brasileiro. Neste cen\u00e1rio incr\u00edvel, a <strong>BRL Incorp<\/strong> tem o prazer de apresentar seu empreendimento mais intimista de seu portf\u00f3lio.<\/p>\t\t\t\t\t\t\t\t<\/div>\n\t\t\t\t<\/div>\n\t\t\t\t\t<\/div>\n\t\t<\/div>\n\t\t\t\t\t<\/div>\n\t\t<\/section>\n\t\t\t\t<section class=\"elementor-section elementor-inner-section elementor-element elementor-element-26a89f37 elementor-section-boxed elementor-section-height-default elementor-section-height-default\" data-id=\"26a89f37\" data-element_type=\"section\" data-e-type=\"section\" data-settings=\"{&quot;background_background&quot;:&quot;classic&quot;}\">\n\t\t\t\t\t\t\t<div class=\"elementor-background-overlay\"><\/div>\n\t\t\t\t\t\t\t<div class=\"elementor-container elementor-column-gap-default\">\n\t\t\t\t\t<div class=\"elementor-column elementor-col-100 elementor-inner-column elementor-element elementor-element-6851d612\" data-id=\"6851d612\" data-element_type=\"column\" data-e-type=\"column\">\n\t\t\t<div class=\"elementor-widget-wrap elementor-element-populated\">\n\t\t\t\t\t\t<div class=\"elementor-element elementor-element-188ffa42 elementor-widget elementor-widget-spacer\" data-id=\"188ffa42\" data-element_type=\"widget\" data-e-type=\"widget\" data-widget_type=\"spacer.default\">\n\t\t\t\t<div class=\"elementor-widget-container\">\n\t\t\t\t\t\t\t<div class=\"elementor-spacer\">\n\t\t\t<div class=\"elementor-spacer-inner\"><\/div>\n\t\t<\/div>\n\t\t\t\t\t\t<\/div>\n\t\t\t\t<\/div>\n\t\t\t\t\t<\/div>\n\t\t<\/div>\n\t\t\t\t\t<\/div>\n\t\t<\/section>\n\t\t\t\t\t<\/div>\n\t\t<\/div>\n\t\t\t\t\t<\/div>\n\t\t<\/section>\n\t\t\t\t<section class=\"elementor-section elementor-top-section elementor-element elementor-element-6260926c elementor-section-boxed elementor-section-height-default elementor-section-height-default\" data-id=\"6260926c\" data-element_type=\"section\" data-e-type=\"section\" id=\"cadastro\" data-settings=\"{&quot;background_background&quot;:&quot;gradient&quot;}\">\n\t\t\t\t\t\t<div class=\"elementor-container elementor-column-gap-no\">\n\t\t\t\t\t<div class=\"elementor-column elementor-col-100 elementor-top-column elementor-element elementor-element-5300abf5\" data-id=\"5300abf5\" data-element_type=\"column\" data-e-type=\"column\">\n\t\t\t<div class=\"elementor-widget-wrap elementor-element-populated\">\n\t\t\t\t\t\t<section class=\"elementor-section elementor-inner-section elementor-element elementor-element-240564eb elementor-section-boxed elementor-section-height-default elementor-section-height-default\" data-id=\"240564eb\" data-element_type=\"section\" data-e-type=\"section\">\n\t\t\t\t\t\t<div class=\"elementor-container elementor-column-gap-no\">\n\t\t\t\t\t<div class=\"elementor-column elementor-col-100 elementor-inner-column elementor-element elementor-element-331c540d\" data-id=\"331c540d\" data-element_type=\"column\" data-e-type=\"column\">\n\t\t\t<div class=\"elementor-widget-wrap elementor-element-populated\">\n\t\t\t\t\t\t<div class=\"elementor-element elementor-element-71490b2c elementor-widget__width-initial elementor-widget elementor-widget-heading\" data-id=\"71490b2c\" data-element_type=\"widget\" data-e-type=\"widget\" data-widget_type=\"heading.default\">\n\t\t\t\t<div class=\"elementor-widget-container\">\n\t\t\t\t\t<h2 class=\"elementor-heading-title elementor-size-default\">CADASTRE-SE E SEJA O PRIMEIRO A CONHECER ESSA OPORTUNIDADE IMPERD\u00cdVEL<\/h2>\t\t\t\t<\/div>\n\t\t\t\t<\/div>\n\t\t\t\t\t<\/div>\n\t\t<\/div>\n\t\t\t\t\t<\/div>\n\t\t<\/section>\n\t\t\t\t<div class=\"elementor-element elementor-element-61e2fb5 elementor-widget elementor-widget-html\" data-id=\"61e2fb5\" data-element_type=\"widget\" data-e-type=\"widget\" data-widget_type=\"html.default\">\n\t\t\t\t<div class=\"elementor-widget-container\">\n\t\t\t\t\t<div role=\"main\" id=\"vila-das-uvas-teaser-093cb55272b745d9d5b3\"><\/div><script type=\"text\/javascript\" src=\"https:\/\/d335luupugsy2.cloudfront.net\/js\/rdstation-forms\/stable\/rdstation-forms.min.js\"><\/script><script type=\"text\/javascript\"> new RDStationForms('vila-das-uvas-teaser-093cb55272b745d9d5b3', 'UA-191710948-1').createForm();<\/script>\t\t\t\t<\/div>\n\t\t\t\t<\/div>\n\t\t\t\t\t<\/div>\n\t\t<\/div>\n\t\t\t\t\t<\/div>\n\t\t<\/section>\n\t\t\t\t<\/div>\n\t\t","protected":false},"excerpt":{"rendered":"<p>UMA REGI\u00c3O EM PROFUNDA EXPANS\u00c3O Morar, passar temporadas, investir. Mucug\u00ea fica na Chapada Diamantina, considerada um dos grandes p\u00f3los do ecoturismo brasileiro. Neste cen\u00e1rio incr\u00edvel, a BRL Incorp tem o prazer de apresentar seu empreendimento mais intimista de seu portf\u00f3lio. CADASTRE-SE E SEJA O PRIMEIRO A CONHECER ESSA OPORTUNIDADE IMPERD\u00cdVEL<\/p>\n","protected":false},"author":1,"featured_media":0,"parent":0,"menu_order":0,"comment_status":"closed","ping_status":"closed","template":"elementor_header_footer","meta":{"footnotes":""},"class_list":["post-866","page","type-page","status-publish","hentry"],"_links":{"self":[{"href":"https:\/\/mucuge.oqueseraisso.com\/index.php\/wp-json\/wp\/v2\/pages\/866","targetHints":{"allow":["GET"]}}],"collection":[{"href":"https:\/\/mucuge.oqueseraisso.com\/index.php\/wp-json\/wp\/v2\/pages"}],"about":[{"href":"https:\/\/mucuge.oqueseraisso.com\/index.php\/wp-json\/wp\/v2\/types\/page"}],"author":[{"embeddable":true,"href":"https:\/\/mucuge.oqueseraisso.com\/index.php\/wp-json\/wp\/v2\/users\/1"}],"replies":[{"embeddable":true,"href":"https:\/\/mucuge.oqueseraisso.com\/index.php\/wp-json\/wp\/v2\/comments?post=866"}],"version-history":[{"count":109,"href":"https:\/\/mucuge.oqueseraisso.com\/index.php\/wp-json\/wp\/v2\/pages\/866\/revisions"}],"predecessor-version":[{"id":1021,"href":"https:\/\/mucuge.oqueseraisso.com\/index.php\/wp-json\/wp\/v2\/pages\/866\/revisions\/1021"}],"wp:attachment":[{"href":"https:\/\/mucuge.oqueseraisso.com\/index.php\/wp-json\/wp\/v2\/media?parent=866"}],"curies":[{"name":"wp","href":"https:\/\/api.w.org\/{rel}","templated":true}]}}